{"id":457,"date":"2026-01-08T11:07:17","date_gmt":"2026-01-08T11:07:17","guid":{"rendered":"https:\/\/ao-architekten.ch\/?page_id=457"},"modified":"2026-01-13T07:19:42","modified_gmt":"2026-01-13T07:19:42","slug":"aktuell-04-ao-architekten-thun","status":"publish","type":"page","link":"https:\/\/ao-architekten.ch\/?page_id=457","title":{"rendered":"AKTUELL 03"},"content":{"rendered":"\n<div class=\"wp-block-group alignfull has-accent-4-background-color has-background is-vertical is-content-justification-center is-nowrap is-layout-flex wp-container-core-group-is-layout-2215816d wp-block-group-is-layout-flex\" style=\"min-height:100vh;margin-top:0;margin-bottom:0;padding-top:var(--wp--preset--spacing--50);padding-right:var(--wp--preset--spacing--50);padding-bottom:var(--wp--preset--spacing--50);padding-left:var(--wp--preset--spacing--50)\">\n<div class=\"wp-block-columns alignwide are-vertically-aligned-center is-layout-flex wp-container-core-columns-is-layout-47c06fe3 wp-block-columns-is-layout-flex\">\n<div class=\"wp-block-column is-vertically-aligned-center is-layout-flow wp-block-column-is-layout-flow\" style=\"flex-basis:40%\">\n<div class=\"wp-block-group is-layout-flow wp-container-core-group-is-layout-8f7ed23f wp-block-group-is-layout-flow\" style=\"min-height:100%;margin-top:0;margin-bottom:0;padding-right:0;padding-left:0\">\n<h1 class=\"wp-block-heading has-text-align-right\" style=\"margin-right:0;margin-left:calc( var(u002du002dwpu002du002dpresetu002du002dspacingu002du002d20) * -1);font-size:clamp(3.54rem, 3.54rem + ((1vw - 0.2rem) * 6.267), 7.3rem);line-height:1;writing-mode:vertical-rl\">NIEDER-<br>MUHLERN<br><\/h1>\n\n\n\n<div class=\"wp-block-group has-global-padding is-content-justification-left is-layout-constrained wp-container-core-group-is-layout-0207514c wp-block-group-is-layout-constrained\" style=\"padding-right:0;padding-left:0\">\n<p class=\"wp-container-content-0733e5d0\">WIR SANIEREN DEN WOHNTEIL DES ERHALTENSWERTEN BAUERNHAUSES VON 1899 IN NIEDERMUHLERN.<\/p>\n\n\n\n<p class=\"wp-container-content-0733e5d0\">DIE URSPR\u00dcNGLICHE FARBGEBUNG, DER SANFTE UMGANG MIT DEN BAUZEITLICHEN MATERIALEN UND DIE ENTFERNUNG NEUZEITLICHER SCHICHTEN BILDEN DIE GRUNDLAGE F\u00dcR DIE \u00dcBERF\u00dcHRUNG IN EINE ZEITGEM\u00c4SSE WOHNQUALIT\u00c4T.<\/p>\n\n\n\n<div class=\"wp-block-buttons is-layout-flex wp-block-buttons-is-layout-flex\">\n<div class=\"wp-block-button\"><a class=\"wp-block-button__link wp-element-button\" href=\"https:\/\/ao-architekten.ch\/?page_id=119\">AKTUELL<\/a><\/div>\n<\/div>\n<\/div>\n<\/div>\n<\/div>\n\n\n\n<div class=\"wp-block-column is-vertically-aligned-top is-layout-flow wp-block-column-is-layout-flow\" style=\"flex-basis:60%\">\n<div class=\"alignnormal\"><div id=\"metaslider-id-458\" style=\"max-width: 1355px;\" class=\"ml-slider-3-105-0 metaslider metaslider-flex metaslider-458 ml-slider ms-theme-cubic nav-hidden\" role=\"region\" aria-label=\"Slideshow Aktuell Niedermuhlern\" data-height=\"1800\" data-width=\"1355\">\n    <div id=\"metaslider_container_458\">\n        <div id=\"metaslider_458\">\n            <ul aria-live='off' class='slides'>\n                <li style=\"display: block; width: 100%;\" class=\"slide-459 ms-image \" aria-roledescription=\"slide\" data-date=\"2026-01-08 10:52:52\" data-filename=\"IMG_0218-scaled-1355x1800.jpg\" data-slide-type=\"image\"><img loading=\"lazy\" decoding=\"async\" src=\"https:\/\/ao-architekten.ch\/wp-content\/uploads\/2026\/01\/IMG_0218-scaled-1355x1800.jpg\" height=\"1800\" width=\"1355\" alt=\"\" class=\"slider-458 slide-459 msDefaultImage\" title=\"IMG_0218\" \/><\/li>\n                <li style=\"display: none; width: 100%;\" class=\"slide-460 ms-image \" aria-roledescription=\"slide\" data-date=\"2026-01-08 10:52:52\" data-filename=\"IMG_4588-scaled-1355x1800.jpg\" data-slide-type=\"image\"><img loading=\"lazy\" decoding=\"async\" src=\"https:\/\/ao-architekten.ch\/wp-content\/uploads\/2026\/01\/IMG_4588-scaled-1355x1800.jpg\" height=\"1800\" width=\"1355\" alt=\"\" class=\"slider-458 slide-460 msDefaultImage\" title=\"IMG_4588\" \/><\/li>\n                <li style=\"display: none; width: 100%;\" class=\"slide-461 ms-image \" aria-roledescription=\"slide\" data-date=\"2026-01-08 10:52:53\" data-filename=\"IMG_1738-scaled-1355x1800.jpg\" data-slide-type=\"image\"><img loading=\"lazy\" decoding=\"async\" src=\"https:\/\/ao-architekten.ch\/wp-content\/uploads\/2026\/01\/IMG_1738-scaled-1355x1800.jpg\" height=\"1800\" width=\"1355\" alt=\"\" class=\"slider-458 slide-461 msDefaultImage\" title=\"IMG_1738\" \/><\/li>\n                <li style=\"display: none; width: 100%;\" class=\"slide-462 ms-image \" aria-roledescription=\"slide\" data-date=\"2026-01-08 10:52:53\" data-filename=\"IMG_0269-scaled-1355x1800.jpg\" data-slide-type=\"image\"><img loading=\"lazy\" decoding=\"async\" src=\"https:\/\/ao-architekten.ch\/wp-content\/uploads\/2026\/01\/IMG_0269-scaled-1355x1800.jpg\" height=\"1800\" width=\"1355\" alt=\"\" class=\"slider-458 slide-462 msDefaultImage\" title=\"IMG_0269\" \/><\/li>\n                <li style=\"display: none; width: 100%;\" class=\"slide-464 ms-image \" aria-roledescription=\"slide\" data-date=\"2026-01-08 10:52:53\" data-filename=\"IMG_4587-scaled-1355x1800.jpg\" data-slide-type=\"image\"><img loading=\"lazy\" decoding=\"async\" src=\"https:\/\/ao-architekten.ch\/wp-content\/uploads\/2026\/01\/IMG_4587-scaled-1355x1800.jpg\" height=\"1800\" width=\"1355\" alt=\"\" class=\"slider-458 slide-464 msDefaultImage\" title=\"IMG_4587\" \/><\/li>\n                <li style=\"display: none; width: 100%;\" class=\"slide-466 ms-image \" aria-roledescription=\"slide\" data-date=\"2026-01-08 10:52:53\" data-filename=\"IMG_1029-scaled-1355x1800.jpg\" data-slide-type=\"image\"><img loading=\"lazy\" decoding=\"async\" src=\"https:\/\/ao-architekten.ch\/wp-content\/uploads\/2026\/01\/IMG_1029-scaled-1355x1800.jpg\" height=\"1800\" width=\"1355\" alt=\"\" class=\"slider-458 slide-466 msDefaultImage\" title=\"IMG_1029\" \/><\/li>\n            <\/ul>\n        <\/div>\n        \n    <\/div>\n<\/div><\/div>\n<\/div>\n<\/div>\n<\/div>\n","protected":false},"excerpt":{"rendered":"<p>NIEDER-MUHLERN WIR SANIEREN DEN WOHNTEIL DES ERHALTENSWERTEN BAUERNHAUSES VON 1899 IN NIEDERMUHLERN. DIE URSPR\u00dcNGLICHE FARBGEBUNG, DER SANFTE UMGANG MIT DEN BAUZEITLICHEN MATERIALEN UND DIE ENTFERNUNG NEUZEITLICHER SCHICHTEN BILDEN DIE GRUNDLAGE F\u00dcR DIE \u00dcBERF\u00dcHRUNG IN EINE ZEITGEM\u00c4SSE WOHNQUALIT\u00c4T.<\/p>\n","protected":false},"author":1,"featured_media":0,"parent":0,"menu_order":0,"comment_status":"closed","ping_status":"closed","template":"","meta":{"_seopress_robots_primary_cat":"","_seopress_titles_title":"","_seopress_titles_desc":"","_seopress_robots_index":"","footnotes":""},"class_list":["post-457","page","type-page","status-publish","hentry"],"_links":{"self":[{"href":"https:\/\/ao-architekten.ch\/index.php?rest_route=\/wp\/v2\/pages\/457","targetHints":{"allow":["GET"]}}],"collection":[{"href":"https:\/\/ao-architekten.ch\/index.php?rest_route=\/wp\/v2\/pages"}],"about":[{"href":"https:\/\/ao-architekten.ch\/index.php?rest_route=\/wp\/v2\/types\/page"}],"author":[{"embeddable":true,"href":"https:\/\/ao-architekten.ch\/index.php?rest_route=\/wp\/v2\/users\/1"}],"replies":[{"embeddable":true,"href":"https:\/\/ao-architekten.ch\/index.php?rest_route=%2Fwp%2Fv2%2Fcomments&post=457"}],"version-history":[{"count":3,"href":"https:\/\/ao-architekten.ch\/index.php?rest_route=\/wp\/v2\/pages\/457\/revisions"}],"predecessor-version":[{"id":533,"href":"https:\/\/ao-architekten.ch\/index.php?rest_route=\/wp\/v2\/pages\/457\/revisions\/533"}],"wp:attachment":[{"href":"https:\/\/ao-architekten.ch\/index.php?rest_route=%2Fwp%2Fv2%2Fmedia&parent=457"}],"curies":[{"name":"wp","href":"https:\/\/api.w.org\/{rel}","templated":true}]}}