{"id":384,"date":"2026-01-08T07:51:53","date_gmt":"2026-01-08T07:51:53","guid":{"rendered":"https:\/\/ao-architekten.ch\/?page_id=384"},"modified":"2026-01-13T07:18:57","modified_gmt":"2026-01-13T07:18:57","slug":"aktuell-02-ao-architekten-thun","status":"publish","type":"page","link":"https:\/\/ao-architekten.ch\/?page_id=384","title":{"rendered":"AKTUELL 02"},"content":{"rendered":"\n<div class=\"wp-block-group alignfull has-accent-4-background-color has-background is-vertical is-content-justification-center is-nowrap is-layout-flex wp-container-core-group-is-layout-2215816d wp-block-group-is-layout-flex\" style=\"min-height:100vh;margin-top:0;margin-bottom:0;padding-top:var(--wp--preset--spacing--50);padding-right:var(--wp--preset--spacing--50);padding-bottom:var(--wp--preset--spacing--50);padding-left:var(--wp--preset--spacing--50)\">\n<div class=\"wp-block-columns alignwide are-vertically-aligned-center is-layout-flex wp-container-core-columns-is-layout-47c06fe3 wp-block-columns-is-layout-flex\">\n<div class=\"wp-block-column is-vertically-aligned-center is-layout-flow wp-block-column-is-layout-flow\" style=\"flex-basis:40%\">\n<div class=\"wp-block-group is-layout-flow wp-container-core-group-is-layout-8f7ed23f wp-block-group-is-layout-flow\" style=\"min-height:100%;margin-top:0;margin-bottom:0;padding-right:0;padding-left:0\">\n<h1 class=\"wp-block-heading has-text-align-right\" style=\"margin-right:0;margin-left:calc( var(u002du002dwpu002du002dpresetu002du002dspacingu002du002d20) * -1);font-size:clamp(3.54rem, 3.54rem + ((1vw - 0.2rem) * 6.267), 7.3rem);line-height:1;writing-mode:vertical-rl\">GWATTEGG<br><\/h1>\n\n\n\n<div class=\"wp-block-group has-global-padding is-content-justification-left is-layout-constrained wp-container-core-group-is-layout-0207514c wp-block-group-is-layout-constrained\" style=\"padding-right:0;padding-left:0\">\n<p class=\"wp-container-content-0733e5d0\">DAS GROSSZ\u00dcGIGE HAUS IN KALIFORNISCHEM STIL VOM THUNER ARCHITEKTEN LIVIO COLOMBI MIT UNVERGLEICHLICHER SICHT AUF DEN THUNERSEE ERH\u00c4LT DURCH DIE KOMPLETTSANIERUNG MIT AUFSTOCKUNG IN HOLZBAU EINE NEUE PR\u00c4SENZ IM WOHNQUARTIER.<\/p>\n\n\n\n<div class=\"wp-block-buttons is-layout-flex wp-block-buttons-is-layout-flex\">\n<div class=\"wp-block-button\"><a class=\"wp-block-button__link wp-element-button\" href=\"https:\/\/ao-architekten.ch\/?page_id=119\">AKTUELL<\/a><\/div>\n<\/div>\n<\/div>\n<\/div>\n<\/div>\n\n\n\n<div class=\"wp-block-column is-vertically-aligned-top is-layout-flow wp-block-column-is-layout-flow\" style=\"flex-basis:60%\">\n<div class=\"alignnormal\"><div id=\"metaslider-id-385\" style=\"max-width: 1355px;\" class=\"ml-slider-3-105-0 metaslider metaslider-flex metaslider-385 ml-slider ms-theme-cubic nav-hidden\" role=\"region\" aria-label=\"Slideshow Aktuell Gwattegg\" data-height=\"1800\" data-width=\"1355\">\n    <div id=\"metaslider_container_385\">\n        <div id=\"metaslider_385\">\n            <ul aria-live='off' class='slides'>\n                <li style=\"display: block; width: 100%;\" class=\"slide-386 ms-image \" aria-roledescription=\"slide\" data-date=\"2026-01-08 07:49:00\" data-filename=\"IMG_6423-2-449x597.jpg\" data-slide-type=\"image\"><img loading=\"lazy\" decoding=\"async\" src=\"https:\/\/ao-architekten.ch\/wp-content\/uploads\/2026\/01\/IMG_6423-2-449x597.jpg\" height=\"1800\" width=\"1355\" alt=\"\" class=\"slider-385 slide-386 msDefaultImage\" title=\"(IMG_6423 2)\" \/><\/li>\n                <li style=\"display: none; width: 100%;\" class=\"slide-387 ms-image \" aria-roledescription=\"slide\" data-date=\"2026-01-08 07:49:00\" data-filename=\"20240319_112550-scaled-1355x1800.jpg\" data-slide-type=\"image\"><img loading=\"lazy\" decoding=\"async\" src=\"https:\/\/ao-architekten.ch\/wp-content\/uploads\/2026\/01\/20240319_112550-scaled-1355x1800.jpg\" height=\"1800\" width=\"1355\" alt=\"\" class=\"slider-385 slide-387 msDefaultImage\" title=\"20240319_112550\" \/><\/li>\n                <li style=\"display: none; width: 100%;\" class=\"slide-388 ms-image \" aria-roledescription=\"slide\" data-date=\"2026-01-08 07:49:00\" data-filename=\"20240319_112840-scaled-1355x1800.jpg\" data-slide-type=\"image\"><img loading=\"lazy\" decoding=\"async\" src=\"https:\/\/ao-architekten.ch\/wp-content\/uploads\/2026\/01\/20240319_112840-scaled-1355x1800.jpg\" height=\"1800\" width=\"1355\" alt=\"\" class=\"slider-385 slide-388 msDefaultImage\" title=\"20240319_112840\" \/><\/li>\n                <li style=\"display: none; width: 100%;\" class=\"slide-389 ms-image \" aria-roledescription=\"slide\" data-date=\"2026-01-08 07:49:00\" data-filename=\"IMG_0303-scaled-1355x1800.jpg\" data-slide-type=\"image\"><img loading=\"lazy\" decoding=\"async\" src=\"https:\/\/ao-architekten.ch\/wp-content\/uploads\/2026\/01\/IMG_0303-scaled-1355x1800.jpg\" height=\"1800\" width=\"1355\" alt=\"\" class=\"slider-385 slide-389 msDefaultImage\" title=\"IMG_0303\" \/><\/li>\n                <li style=\"display: none; width: 100%;\" class=\"slide-390 ms-image \" aria-roledescription=\"slide\" data-date=\"2026-01-08 07:49:00\" data-filename=\"IMG_0430-scaled-1355x1800.jpg\" data-slide-type=\"image\"><img loading=\"lazy\" decoding=\"async\" src=\"https:\/\/ao-architekten.ch\/wp-content\/uploads\/2026\/01\/IMG_0430-scaled-1355x1800.jpg\" height=\"1800\" width=\"1355\" alt=\"\" class=\"slider-385 slide-390 msDefaultImage\" title=\"IMG_0430\" \/><\/li>\n                <li style=\"display: none; width: 100%;\" class=\"slide-391 ms-image \" aria-roledescription=\"slide\" data-date=\"2026-01-08 07:50:37\" data-filename=\"IMG_0410-scaled-1355x1800.jpg\" data-slide-type=\"image\"><img loading=\"lazy\" decoding=\"async\" src=\"https:\/\/ao-architekten.ch\/wp-content\/uploads\/2026\/01\/IMG_0410-scaled-1355x1800.jpg\" height=\"1800\" width=\"1355\" alt=\"\" class=\"slider-385 slide-391 msDefaultImage\" title=\"IMG_0410\" \/><\/li>\n                <li style=\"display: none; width: 100%;\" class=\"slide-392 ms-image \" aria-roledescription=\"slide\" data-date=\"2026-01-08 07:50:51\" data-filename=\"IMG_0487-scaled-1355x1800.jpg\" data-slide-type=\"image\"><img loading=\"lazy\" decoding=\"async\" src=\"https:\/\/ao-architekten.ch\/wp-content\/uploads\/2026\/01\/IMG_0487-scaled-1355x1800.jpg\" height=\"1800\" width=\"1355\" alt=\"\" class=\"slider-385 slide-392 msDefaultImage\" title=\"IMG_0487\" \/><\/li>\n                <li style=\"display: none; width: 100%;\" class=\"slide-393 ms-image \" aria-roledescription=\"slide\" data-date=\"2026-01-08 07:50:56\" data-filename=\"IMG_0489-scaled-1355x1800.jpg\" data-slide-type=\"image\"><img loading=\"lazy\" decoding=\"async\" src=\"https:\/\/ao-architekten.ch\/wp-content\/uploads\/2026\/01\/IMG_0489-scaled-1355x1800.jpg\" height=\"1800\" width=\"1355\" alt=\"\" class=\"slider-385 slide-393 msDefaultImage\" title=\"IMG_0489\" \/><\/li>\n            <\/ul>\n        <\/div>\n        \n    <\/div>\n<\/div><\/div>\n<\/div>\n<\/div>\n<\/div>\n","protected":false},"excerpt":{"rendered":"<p>GWATTEGG DAS GROSSZ\u00dcGIGE HAUS IN KALIFORNISCHEM STIL VOM THUNER ARCHITEKTEN LIVIO COLOMBI MIT UNVERGLEICHLICHER SICHT AUF DEN THUNERSEE ERH\u00c4LT DURCH DIE KOMPLETTSANIERUNG MIT AUFSTOCKUNG IN HOLZBAU EINE NEUE PR\u00c4SENZ IM WOHNQUARTIER.<\/p>\n","protected":false},"author":1,"featured_media":0,"parent":0,"menu_order":0,"comment_status":"closed","ping_status":"closed","template":"","meta":{"_seopress_robots_primary_cat":"","_seopress_titles_title":"","_seopress_titles_desc":"","_seopress_robots_index":"","footnotes":""},"class_list":["post-384","page","type-page","status-publish","hentry"],"_links":{"self":[{"href":"https:\/\/ao-architekten.ch\/index.php?rest_route=\/wp\/v2\/pages\/384","targetHints":{"allow":["GET"]}}],"collection":[{"href":"https:\/\/ao-architekten.ch\/index.php?rest_route=\/wp\/v2\/pages"}],"about":[{"href":"https:\/\/ao-architekten.ch\/index.php?rest_route=\/wp\/v2\/types\/page"}],"author":[{"embeddable":true,"href":"https:\/\/ao-architekten.ch\/index.php?rest_route=\/wp\/v2\/users\/1"}],"replies":[{"embeddable":true,"href":"https:\/\/ao-architekten.ch\/index.php?rest_route=%2Fwp%2Fv2%2Fcomments&post=384"}],"version-history":[{"count":2,"href":"https:\/\/ao-architekten.ch\/index.php?rest_route=\/wp\/v2\/pages\/384\/revisions"}],"predecessor-version":[{"id":532,"href":"https:\/\/ao-architekten.ch\/index.php?rest_route=\/wp\/v2\/pages\/384\/revisions\/532"}],"wp:attachment":[{"href":"https:\/\/ao-architekten.ch\/index.php?rest_route=%2Fwp%2Fv2%2Fmedia&parent=384"}],"curies":[{"name":"wp","href":"https:\/\/api.w.org\/{rel}","templated":true}]}}